{"id":41,"date":"2022-12-01T20:23:34","date_gmt":"2022-12-01T19:23:34","guid":{"rendered":"http:\/\/wp10984634.server-he.de\/?page_id=41"},"modified":"2022-12-28T15:04:43","modified_gmt":"2022-12-28T14:04:43","slug":"was-ist-biodanza","status":"publish","type":"page","link":"https:\/\/wir-tanzen-biodanza.de\/index.php\/was-ist-biodanza\/","title":{"rendered":"Was ist Biodanza"},"content":{"rendered":"\t\t<div data-elementor-type=\"wp-page\" data-elementor-id=\"41\" class=\"elementor elementor-41\" data-elementor-post-type=\"page\">\n\t\t\t\t\t\t<section class=\"elementor-section elementor-top-section elementor-element elementor-element-1bb1110 elementor-section-boxed elementor-section-height-default elementor-section-height-default\" data-id=\"1bb1110\" data-element_type=\"section\" data-e-type=\"section\">\n\t\t\t\t\t\t<div class=\"elementor-container elementor-column-gap-default\">\n\t\t\t\t\t<div class=\"elementor-column elementor-col-50 elementor-top-column elementor-element elementor-element-5acba05\" data-id=\"5acba05\" data-element_type=\"column\" data-e-type=\"column\">\n\t\t\t<div class=\"elementor-widget-wrap elementor-element-populated\">\n\t\t\t\t\t\t<div class=\"elementor-element elementor-element-294db08 elementor-widget elementor-widget-heading\" data-id=\"294db08\" data-element_type=\"widget\" data-e-type=\"widget\" data-widget_type=\"heading.default\">\n\t\t\t\t<div class=\"elementor-widget-container\">\n\t\t\t\t\t<h2 class=\"elementor-heading-title elementor-size-default\">Was ist Biodanza<\/h2>\t\t\t\t<\/div>\n\t\t\t\t<\/div>\n\t\t\t\t<div class=\"elementor-element elementor-element-29c3404 elementor-widget elementor-widget-text-editor\" data-id=\"29c3404\" data-element_type=\"widget\" data-e-type=\"widget\" data-widget_type=\"text-editor.default\">\n\t\t\t\t<div class=\"elementor-widget-container\">\n\t\t\t\t\t\t\t\t\t<p><strong>Biodanza ist eine Einladung<\/strong>,<\/p><p>sich von Musik bewegen zu lassen, Energie zu wecken, sich im freien Tanz lebendig zu f\u00fchlen, Stress abzubauen.<\/p><p>Wir erleben uns in der Kraft und Lebendigkeit, die unseren Alltag beschwingt.<\/p>\t\t\t\t\t\t\t\t<\/div>\n\t\t\t\t<\/div>\n\t\t\t\t<div class=\"elementor-element elementor-element-f37cd0b elementor-widget elementor-widget-text-editor\" data-id=\"f37cd0b\" data-element_type=\"widget\" data-e-type=\"widget\" data-widget_type=\"text-editor.default\">\n\t\t\t\t<div class=\"elementor-widget-container\">\n\t\t\t\t\t\t\t\t\t<p><strong><span class=\"haupttext-fett\">Mit Achtsamkeit und Genuss<\/span><\/strong><\/p><p>k\u00f6nnen wir uns im Tanz sp\u00fcren und unseren ureigenen Ausdruck finden. Biodanza l\u00e4dt uns dazu ein, uns von Urteilen \u00fcber uns selbst oder andere zu l\u00f6sen und uns von nicht mehr passenden Konzepten zu befreien.<\/p><p>Dies erm\u00f6glicht die Gestaltung unseres Lebensalltags, wie er f\u00fcr uns stimmig ist. So k\u00f6nnen wir uns immer leichter annehmen, zeigen wie wir sind und anderen Menschen offener und wertsch\u00e4tzender begegnen.<\/p>\t\t\t\t\t\t\t\t<\/div>\n\t\t\t\t<\/div>\n\t\t\t\t\t<\/div>\n\t\t<\/div>\n\t\t\t\t<div class=\"elementor-column elementor-col-50 elementor-top-column elementor-element elementor-element-99fbb8f\" data-id=\"99fbb8f\" data-element_type=\"column\" data-e-type=\"column\">\n\t\t\t<div class=\"elementor-widget-wrap\">\n\t\t\t\t\t\t\t<\/div>\n\t\t<\/div>\n\t\t\t\t\t<\/div>\n\t\t<\/section>\n\t\t\t\t<section class=\"elementor-section elementor-top-section elementor-element elementor-element-95534f3 elementor-section-boxed elementor-section-height-default elementor-section-height-default\" data-id=\"95534f3\" data-element_type=\"section\" data-e-type=\"section\">\n\t\t\t\t\t\t<div class=\"elementor-container elementor-column-gap-default\">\n\t\t\t\t\t<div class=\"elementor-column elementor-col-50 elementor-top-column elementor-element elementor-element-656b869\" data-id=\"656b869\" data-element_type=\"column\" data-e-type=\"column\">\n\t\t\t<div class=\"elementor-widget-wrap\">\n\t\t\t\t\t\t\t<\/div>\n\t\t<\/div>\n\t\t\t\t<div class=\"elementor-column elementor-col-50 elementor-top-column elementor-element elementor-element-ccac543\" data-id=\"ccac543\" data-element_type=\"column\" data-e-type=\"column\">\n\t\t\t<div class=\"elementor-widget-wrap elementor-element-populated\">\n\t\t\t\t\t\t<div class=\"elementor-element elementor-element-18771b2 elementor-widget elementor-widget-text-editor\" data-id=\"18771b2\" data-element_type=\"widget\" data-e-type=\"widget\" data-widget_type=\"text-editor.default\">\n\t\t\t\t<div class=\"elementor-widget-container\">\n\t\t\t\t\t\t\t\t\t<p><strong>Uns gesund tanzen<\/strong><\/p><p>Rolando Toro hat diese systemische Methode entwickelt, um die gesunden Anteile im Menschen zu st\u00e4rken und das organische und seelische Gleichgewicht zu erneuern.<\/p>\t\t\t\t\t\t\t\t<\/div>\n\t\t\t\t<\/div>\n\t\t\t\t\t<\/div>\n\t\t<\/div>\n\t\t\t\t\t<\/div>\n\t\t<\/section>\n\t\t\t\t<section class=\"elementor-section elementor-top-section elementor-element elementor-element-c1a56c8 elementor-section-boxed elementor-section-height-default elementor-section-height-default\" data-id=\"c1a56c8\" data-element_type=\"section\" data-e-type=\"section\">\n\t\t\t\t\t\t<div class=\"elementor-container elementor-column-gap-default\">\n\t\t\t\t\t<div class=\"elementor-column elementor-col-50 elementor-top-column elementor-element elementor-element-692d53f\" data-id=\"692d53f\" data-element_type=\"column\" data-e-type=\"column\">\n\t\t\t<div class=\"elementor-widget-wrap elementor-element-populated\">\n\t\t\t\t\t\t<div class=\"elementor-element elementor-element-31c61cf elementor-widget elementor-widget-text-editor\" data-id=\"31c61cf\" data-element_type=\"widget\" data-e-type=\"widget\" data-widget_type=\"text-editor.default\">\n\t\t\t\t<div class=\"elementor-widget-container\">\n\t\t\t\t\t\t\t\t\t<p><strong>Biodanza ist ein Tanz<\/strong><\/p><p>ohne festgelegte Schritte, den jeder Mensch jeden Alters tanzen kann.<\/p><p>Bist du dabei?<\/p><p>\u00a0<\/p>\t\t\t\t\t\t\t\t<\/div>\n\t\t\t\t<\/div>\n\t\t\t\t\t<\/div>\n\t\t<\/div>\n\t\t\t\t<div class=\"elementor-column elementor-col-50 elementor-top-column elementor-element elementor-element-4d0895c\" data-id=\"4d0895c\" data-element_type=\"column\" data-e-type=\"column\">\n\t\t\t<div class=\"elementor-widget-wrap\">\n\t\t\t\t\t\t\t<\/div>\n\t\t<\/div>\n\t\t\t\t\t<\/div>\n\t\t<\/section>\n\t\t\t\t<section class=\"elementor-section elementor-top-section elementor-element elementor-element-eff176b elementor-section-boxed elementor-section-height-default elementor-section-height-default\" data-id=\"eff176b\" data-element_type=\"section\" data-e-type=\"section\">\n\t\t\t\t\t\t<div class=\"elementor-container elementor-column-gap-default\">\n\t\t\t\t\t<div class=\"elementor-column elementor-col-50 elementor-top-column elementor-element elementor-element-ddff584\" data-id=\"ddff584\" data-element_type=\"column\" data-e-type=\"column\">\n\t\t\t<div class=\"elementor-widget-wrap\">\n\t\t\t\t\t\t\t<\/div>\n\t\t<\/div>\n\t\t\t\t<div class=\"elementor-column elementor-col-50 elementor-top-column elementor-element elementor-element-dd57575\" data-id=\"dd57575\" data-element_type=\"column\" data-e-type=\"column\">\n\t\t\t<div class=\"elementor-widget-wrap\">\n\t\t\t\t\t\t\t<\/div>\n\t\t<\/div>\n\t\t\t\t\t<\/div>\n\t\t<\/section>\n\t\t\t\t<\/div>\n\t\t","protected":false},"excerpt":{"rendered":"<p>Was ist Biodanza Biodanza ist eine Einladung, sich von Musik bewegen zu lassen, Energie zu wecken, sich im freien Tanz lebendig zu f\u00fchlen, Stress abzubauen. Wir erleben uns in der Kraft und Lebendigkeit, die unseren Alltag beschwingt. Mit Achtsamkeit und Genuss k\u00f6nnen wir uns im Tanz sp\u00fcren und unseren ureigenen Ausdruck finden. Biodanza l\u00e4dt uns [&hellip;]<\/p>\n","protected":false},"author":1,"featured_media":0,"parent":0,"menu_order":0,"comment_status":"closed","ping_status":"closed","template":"elementor_theme","meta":{"footnotes":""},"class_list":["post-41","page","type-page","status-publish","hentry"],"_links":{"self":[{"href":"https:\/\/wir-tanzen-biodanza.de\/index.php\/wp-json\/wp\/v2\/pages\/41","targetHints":{"allow":["GET"]}}],"collection":[{"href":"https:\/\/wir-tanzen-biodanza.de\/index.php\/wp-json\/wp\/v2\/pages"}],"about":[{"href":"https:\/\/wir-tanzen-biodanza.de\/index.php\/wp-json\/wp\/v2\/types\/page"}],"author":[{"embeddable":true,"href":"https:\/\/wir-tanzen-biodanza.de\/index.php\/wp-json\/wp\/v2\/users\/1"}],"replies":[{"embeddable":true,"href":"https:\/\/wir-tanzen-biodanza.de\/index.php\/wp-json\/wp\/v2\/comments?post=41"}],"version-history":[{"count":31,"href":"https:\/\/wir-tanzen-biodanza.de\/index.php\/wp-json\/wp\/v2\/pages\/41\/revisions"}],"predecessor-version":[{"id":957,"href":"https:\/\/wir-tanzen-biodanza.de\/index.php\/wp-json\/wp\/v2\/pages\/41\/revisions\/957"}],"wp:attachment":[{"href":"https:\/\/wir-tanzen-biodanza.de\/index.php\/wp-json\/wp\/v2\/media?parent=41"}],"curies":[{"name":"wp","href":"https:\/\/api.w.org\/{rel}","templated":true}]}}